{"id":926,"date":"2026-04-14T06:28:36","date_gmt":"2026-04-14T06:28:36","guid":{"rendered":"https:\/\/www.baking-company.com\/?post_type=product&#038;p=926"},"modified":"2026-04-14T13:48:47","modified_gmt":"2026-04-14T13:48:47","slug":"yeast-free-sourdough-bread","status":"publish","type":"product","link":"https:\/\/www.baking-company.com\/pl\/produkt\/yeast-free-sourdough-bread\/","title":{"rendered":"Chleb na zakwasie bez dro\u017cd\u017cy"},"content":{"rendered":"<p>Ca\u0142kowicie bezdro\u017cd\u017cowy i naturalnie wyro\u015bni\u0119ty. Wytworzony metod\u0105 tradycyjnej fermentacji, ten rzemie\u015blniczy bochenek jest wytwarzany z m\u0105ki pszennej i naturalnie spulchniany zakwasem z pszenicy durum i \u017cyta. Powolna fermentacja zapewnia bogaty, pikantny smak, g\u0119st\u0105 sk\u00f3rk\u0119 i mi\u0119kki, aromatyczny mi\u0105\u017csz. Idealny dla tych, kt\u00f3rzy ceni\u0105 autentyczny chleb na zakwasie, przygotowywany w tradycyjny spos\u00f3b.<\/p>","protected":false},"excerpt":{"rendered":"<p>Ca\u0142kowicie bezdro\u017cd\u017cowy i naturalnie wyro\u015bni\u0119ty. Wytworzony metod\u0105 tradycyjnej fermentacji, ten rzemie\u015blniczy bochenek jest wytwarzany z m\u0105ki pszennej i naturalnie spulchniany zakwasem z pszenicy durum i \u017cyta. Powolna fermentacja zapewnia bogaty, pikantny smak, g\u0119st\u0105 sk\u00f3rk\u0119 i mi\u0119kki, aromatyczny mi\u0105\u017csz. Idealny dla tych, kt\u00f3rzy ceni\u0105 autentyczny chleb na zakwasie, przygotowywany w tradycyjny spos\u00f3b.<\/p>","protected":false},"featured_media":927,"comment_status":"open","ping_status":"closed","template":"","meta":{"_acf_changed":false,"neve_meta_sidebar":"","neve_meta_container":"","neve_meta_enable_content_width":"off","neve_meta_content_width":100,"neve_meta_title_alignment":"","neve_meta_author_avatar":"","neve_post_elements_order":"","neve_meta_disable_header":"","neve_meta_disable_footer":"","neve_meta_disable_title":""},"product_brand":[],"product_cat":[17],"product_tag":[],"class_list":{"0":"post-926","1":"product","2":"type-product","3":"status-publish","4":"has-post-thumbnail","6":"product_cat-breads","8":"first","9":"instock","10":"shipping-taxable","11":"product-type-simple"},"acf":[],"_links":{"self":[{"href":"https:\/\/www.baking-company.com\/pl\/wp-json\/wp\/v2\/product\/926","targetHints":{"allow":["GET"]}}],"collection":[{"href":"https:\/\/www.baking-company.com\/pl\/wp-json\/wp\/v2\/product"}],"about":[{"href":"https:\/\/www.baking-company.com\/pl\/wp-json\/wp\/v2\/types\/product"}],"replies":[{"embeddable":true,"href":"https:\/\/www.baking-company.com\/pl\/wp-json\/wp\/v2\/comments?post=926"}],"wp:featuredmedia":[{"embeddable":true,"href":"https:\/\/www.baking-company.com\/pl\/wp-json\/wp\/v2\/media\/927"}],"wp:attachment":[{"href":"https:\/\/www.baking-company.com\/pl\/wp-json\/wp\/v2\/media?parent=926"}],"wp:term":[{"taxonomy":"product_brand","embeddable":true,"href":"https:\/\/www.baking-company.com\/pl\/wp-json\/wp\/v2\/product_brand?post=926"},{"taxonomy":"product_cat","embeddable":true,"href":"https:\/\/www.baking-company.com\/pl\/wp-json\/wp\/v2\/product_cat?post=926"},{"taxonomy":"product_tag","embeddable":true,"href":"https:\/\/www.baking-company.com\/pl\/wp-json\/wp\/v2\/product_tag?post=926"}],"curies":[{"name":"wp","href":"https:\/\/api.w.org\/{rel}","templated":true}]}}