{"id":922,"date":"2026-03-03T15:36:22","date_gmt":"2026-03-03T15:36:22","guid":{"rendered":"https:\/\/www.baking-company.com\/?post_type=product&#038;p=922"},"modified":"2026-03-03T16:21:35","modified_gmt":"2026-03-03T16:21:35","slug":"creapane-with-olives","status":"publish","type":"product","link":"https:\/\/www.baking-company.com\/pl\/produkt\/creapane-with-olives\/","title":{"rendered":"Creapane\u00ae with olives"},"content":{"rendered":"<p>Creapane z oliwkami to aromatyczny chleb pszenny z dodatkiem 5% czarnych oliwek i odrobiny m\u0105ki \u017cytniej. Wypiekany na zakwasie dro\u017cd\u017cowym, charakteryzuje si\u0119 mi\u0119kkim mi\u0105\u017cszem, lekko chrupi\u0105c\u0105 sk\u00f3rk\u0105 i lekko s\u0142onym smakiem z wyra\u017an\u0105 nut\u0105 oliwkow\u0105. Idealny do kanapek lub spo\u017cywany samodzielnie. Mo\u017ce zawiera\u0107 jaja, soj\u0119, mleko (w tym laktoz\u0119), orzechy i nasiona sezamu.<\/p>","protected":false},"excerpt":{"rendered":"<p>Creapane with olives is an aromatic wheat bread made with 5% black olives and a touch of rye flour. Yeast-leavened, it features a soft crumb, a lightly crisp crust, and a mildly salty taste with a distinctive olive note. Perfect for sandwiches or enjoyed on its own. May contain eggs, soybeans, milk (including lactose), nuts,&hellip;&nbsp;<a href=\"https:\/\/www.baking-company.com\/pl\/produkt\/creapane-with-olives\/\" class=\"\" rel=\"bookmark\">Dowiedz si\u0119 wi\u0119cej &raquo;<span class=\"screen-reader-text\">Creapane\u00ae with olives<\/span><\/a><\/p>","protected":false},"featured_media":920,"comment_status":"open","ping_status":"closed","template":"","meta":{"_acf_changed":false,"neve_meta_sidebar":"","neve_meta_container":"","neve_meta_enable_content_width":"off","neve_meta_content_width":100,"neve_meta_title_alignment":"","neve_meta_author_avatar":"","neve_post_elements_order":"","neve_meta_disable_header":"","neve_meta_disable_footer":"","neve_meta_disable_title":""},"product_brand":[],"product_cat":[17],"product_tag":[],"class_list":{"0":"post-922","1":"product","2":"type-product","3":"status-publish","4":"has-post-thumbnail","6":"product_cat-breads","8":"first","9":"instock","10":"shipping-taxable","11":"product-type-simple"},"acf":[],"_links":{"self":[{"href":"https:\/\/www.baking-company.com\/pl\/wp-json\/wp\/v2\/product\/922","targetHints":{"allow":["GET"]}}],"collection":[{"href":"https:\/\/www.baking-company.com\/pl\/wp-json\/wp\/v2\/product"}],"about":[{"href":"https:\/\/www.baking-company.com\/pl\/wp-json\/wp\/v2\/types\/product"}],"replies":[{"embeddable":true,"href":"https:\/\/www.baking-company.com\/pl\/wp-json\/wp\/v2\/comments?post=922"}],"wp:featuredmedia":[{"embeddable":true,"href":"https:\/\/www.baking-company.com\/pl\/wp-json\/wp\/v2\/media\/920"}],"wp:attachment":[{"href":"https:\/\/www.baking-company.com\/pl\/wp-json\/wp\/v2\/media?parent=922"}],"wp:term":[{"taxonomy":"product_brand","embeddable":true,"href":"https:\/\/www.baking-company.com\/pl\/wp-json\/wp\/v2\/product_brand?post=922"},{"taxonomy":"product_cat","embeddable":true,"href":"https:\/\/www.baking-company.com\/pl\/wp-json\/wp\/v2\/product_cat?post=922"},{"taxonomy":"product_tag","embeddable":true,"href":"https:\/\/www.baking-company.com\/pl\/wp-json\/wp\/v2\/product_tag?post=922"}],"curies":[{"name":"wp","href":"https:\/\/api.w.org\/{rel}","templated":true}]}}