{"id":921,"date":"2026-03-03T15:36:21","date_gmt":"2026-03-03T15:36:21","guid":{"rendered":"https:\/\/www.baking-company.com\/?post_type=product&#038;p=921"},"modified":"2026-03-03T16:19:39","modified_gmt":"2026-03-03T16:19:39","slug":"fintes-triangle","status":"publish","type":"product","link":"https:\/\/www.baking-company.com\/pl\/produkt\/fintes-triangle\/","title":{"rendered":"Fintes\u00ae triangle"},"content":{"rendered":"<p>Wieloziarnista bu\u0142ka pszenno-\u017cytnia (53% pszenicy, 12% \u017cyta) z dodatkiem pestek s\u0142onecznika, soi, siemienia lnianego, p\u0142atk\u00f3w owsianych i sezamu. Wypiekana na naturalnym zakwasie dro\u017cd\u017cowym, z dodatkiem ekstraktu s\u0142odowego j\u0119czmiennego i pra\u017conej m\u0105ki s\u0142odowej pszennej, co nadaje jej lekko s\u0142odowy aromat i chrupi\u0105c\u0105 sk\u00f3rk\u0119. Mo\u017ce zawiera\u0107 jajka, mleko (w tym laktoz\u0119) oraz orzechy.<\/p>","protected":false},"excerpt":{"rendered":"<p>Wieloziarnista bu\u0142ka pszenno-\u017cytnia (53% pszenicy, 12% \u017cyta) z dodatkiem pestek s\u0142onecznika, soi, siemienia lnianego, p\u0142atk\u00f3w owsianych i sezamu. Wypiekana na naturalnym zakwasie dro\u017cd\u017cowym, z dodatkiem ekstraktu s\u0142odowego j\u0119czmiennego i pra\u017conej m\u0105ki s\u0142odowej pszennej, co nadaje jej lekko s\u0142odowy aromat i chrupi\u0105c\u0105 sk\u00f3rk\u0119. Mo\u017ce zawiera\u0107 jajka, mleko (w tym laktoz\u0119) oraz orzechy.<\/p>","protected":false},"featured_media":919,"comment_status":"open","ping_status":"closed","template":"","meta":{"_acf_changed":false,"neve_meta_sidebar":"","neve_meta_container":"","neve_meta_enable_content_width":"off","neve_meta_content_width":100,"neve_meta_title_alignment":"","neve_meta_author_avatar":"","neve_post_elements_order":"","neve_meta_disable_header":"","neve_meta_disable_footer":"","neve_meta_disable_title":""},"product_brand":[],"product_cat":[21,18],"product_tag":[],"class_list":{"0":"post-921","1":"product","2":"type-product","3":"status-publish","4":"has-post-thumbnail","6":"product_cat-fintes","7":"product_cat-rolls","9":"first","10":"instock","11":"shipping-taxable","12":"product-type-simple"},"acf":[],"_links":{"self":[{"href":"https:\/\/www.baking-company.com\/pl\/wp-json\/wp\/v2\/product\/921","targetHints":{"allow":["GET"]}}],"collection":[{"href":"https:\/\/www.baking-company.com\/pl\/wp-json\/wp\/v2\/product"}],"about":[{"href":"https:\/\/www.baking-company.com\/pl\/wp-json\/wp\/v2\/types\/product"}],"replies":[{"embeddable":true,"href":"https:\/\/www.baking-company.com\/pl\/wp-json\/wp\/v2\/comments?post=921"}],"wp:featuredmedia":[{"embeddable":true,"href":"https:\/\/www.baking-company.com\/pl\/wp-json\/wp\/v2\/media\/919"}],"wp:attachment":[{"href":"https:\/\/www.baking-company.com\/pl\/wp-json\/wp\/v2\/media?parent=921"}],"wp:term":[{"taxonomy":"product_brand","embeddable":true,"href":"https:\/\/www.baking-company.com\/pl\/wp-json\/wp\/v2\/product_brand?post=921"},{"taxonomy":"product_cat","embeddable":true,"href":"https:\/\/www.baking-company.com\/pl\/wp-json\/wp\/v2\/product_cat?post=921"},{"taxonomy":"product_tag","embeddable":true,"href":"https:\/\/www.baking-company.com\/pl\/wp-json\/wp\/v2\/product_tag?post=921"}],"curies":[{"name":"wp","href":"https:\/\/api.w.org\/{rel}","templated":true}]}}