{"id":894,"date":"2025-11-25T12:18:23","date_gmt":"2025-11-25T12:18:23","guid":{"rendered":"https:\/\/www.baking-company.com\/?post_type=product&#038;p=894"},"modified":"2025-11-25T12:22:17","modified_gmt":"2025-11-25T12:22:17","slug":"small-sunflower-bread","status":"publish","type":"product","link":"https:\/\/www.baking-company.com\/pl\/produkt\/small-sunflower-bread\/","title":{"rendered":"Ma\u0142y chlebek z nasionami s\u0142onecznika"},"content":{"rendered":"<p>Ma\u0142y, aromatyczny chleb z dodatkiem s\u0142onecznika, \u015bwietny do \u015bniada\u0144 i przek\u0105sek. Zawiera mieszank\u0119 \u017cyta i pszenicy dla pe\u0142nego smaku.<\/p>","protected":false},"excerpt":{"rendered":"<p>Ma\u0142y, aromatyczny chleb z dodatkiem s\u0142onecznika, \u015bwietny do \u015bniada\u0144 i przek\u0105sek. Zawiera mieszank\u0119 \u017cyta i pszenicy dla pe\u0142nego smaku.<\/p>","protected":false},"featured_media":892,"comment_status":"open","ping_status":"closed","template":"","meta":{"_acf_changed":false,"neve_meta_sidebar":"","neve_meta_container":"","neve_meta_enable_content_width":"off","neve_meta_content_width":100,"neve_meta_title_alignment":"","neve_meta_author_avatar":"","neve_post_elements_order":"","neve_meta_disable_header":"","neve_meta_disable_footer":"","neve_meta_disable_title":""},"product_brand":[],"product_cat":[17],"product_tag":[],"class_list":{"0":"post-894","1":"product","2":"type-product","3":"status-publish","4":"has-post-thumbnail","6":"product_cat-breads","8":"first","9":"instock","10":"shipping-taxable","11":"product-type-simple"},"acf":[],"_links":{"self":[{"href":"https:\/\/www.baking-company.com\/pl\/wp-json\/wp\/v2\/product\/894","targetHints":{"allow":["GET"]}}],"collection":[{"href":"https:\/\/www.baking-company.com\/pl\/wp-json\/wp\/v2\/product"}],"about":[{"href":"https:\/\/www.baking-company.com\/pl\/wp-json\/wp\/v2\/types\/product"}],"replies":[{"embeddable":true,"href":"https:\/\/www.baking-company.com\/pl\/wp-json\/wp\/v2\/comments?post=894"}],"wp:featuredmedia":[{"embeddable":true,"href":"https:\/\/www.baking-company.com\/pl\/wp-json\/wp\/v2\/media\/892"}],"wp:attachment":[{"href":"https:\/\/www.baking-company.com\/pl\/wp-json\/wp\/v2\/media?parent=894"}],"wp:term":[{"taxonomy":"product_brand","embeddable":true,"href":"https:\/\/www.baking-company.com\/pl\/wp-json\/wp\/v2\/product_brand?post=894"},{"taxonomy":"product_cat","embeddable":true,"href":"https:\/\/www.baking-company.com\/pl\/wp-json\/wp\/v2\/product_cat?post=894"},{"taxonomy":"product_tag","embeddable":true,"href":"https:\/\/www.baking-company.com\/pl\/wp-json\/wp\/v2\/product_tag?post=894"}],"curies":[{"name":"wp","href":"https:\/\/api.w.org\/{rel}","templated":true}]}}