{"id":827,"date":"2025-09-25T17:49:47","date_gmt":"2025-09-25T17:49:47","guid":{"rendered":"https:\/\/www.baking-company.com\/?post_type=product&#038;p=827"},"modified":"2025-09-29T12:34:30","modified_gmt":"2025-09-29T12:34:30","slug":"round-pumpkin-seed-bread","status":"publish","type":"product","link":"https:\/\/www.baking-company.com\/pl\/produkt\/round-pumpkin-seed-bread\/","title":{"rendered":"Okr\u0105g\u0142y chleb z pestkami dyni"},"content":{"rendered":"<p>Rustykalny, okr\u0105g\u0142y bochenek przygotowany na zakwasie \u017cytnim, wypieczony w piecu kamiennym i posypany chrupi\u0105cymi pestkami dyni. Bogaty w smak, o syc\u0105cej, ziemistej teksturze. Idealny do posi\u0142k\u00f3w inspirowanych jesieni\u0105.<\/p>","protected":false},"excerpt":{"rendered":"<p>Rustykalny, okr\u0105g\u0142y bochenek przygotowany na zakwasie \u017cytnim, wypieczony w piecu kamiennym i posypany chrupi\u0105cymi pestkami dyni. Bogaty w smak, o syc\u0105cej, ziemistej teksturze. Idealny do posi\u0142k\u00f3w inspirowanych jesieni\u0105.<\/p>","protected":false},"featured_media":849,"comment_status":"open","ping_status":"closed","template":"","meta":{"_acf_changed":false,"neve_meta_sidebar":"","neve_meta_container":"","neve_meta_enable_content_width":"off","neve_meta_content_width":100,"neve_meta_title_alignment":"","neve_meta_author_avatar":"","neve_post_elements_order":"","neve_meta_disable_header":"","neve_meta_disable_footer":"","neve_meta_disable_title":""},"product_brand":[],"product_cat":[17],"product_tag":[],"class_list":{"0":"post-827","1":"product","2":"type-product","3":"status-publish","4":"has-post-thumbnail","6":"product_cat-breads","8":"first","9":"instock","10":"shipping-taxable","11":"product-type-simple"},"acf":[],"_links":{"self":[{"href":"https:\/\/www.baking-company.com\/pl\/wp-json\/wp\/v2\/product\/827","targetHints":{"allow":["GET"]}}],"collection":[{"href":"https:\/\/www.baking-company.com\/pl\/wp-json\/wp\/v2\/product"}],"about":[{"href":"https:\/\/www.baking-company.com\/pl\/wp-json\/wp\/v2\/types\/product"}],"replies":[{"embeddable":true,"href":"https:\/\/www.baking-company.com\/pl\/wp-json\/wp\/v2\/comments?post=827"}],"wp:featuredmedia":[{"embeddable":true,"href":"https:\/\/www.baking-company.com\/pl\/wp-json\/wp\/v2\/media\/849"}],"wp:attachment":[{"href":"https:\/\/www.baking-company.com\/pl\/wp-json\/wp\/v2\/media?parent=827"}],"wp:term":[{"taxonomy":"product_brand","embeddable":true,"href":"https:\/\/www.baking-company.com\/pl\/wp-json\/wp\/v2\/product_brand?post=827"},{"taxonomy":"product_cat","embeddable":true,"href":"https:\/\/www.baking-company.com\/pl\/wp-json\/wp\/v2\/product_cat?post=827"},{"taxonomy":"product_tag","embeddable":true,"href":"https:\/\/www.baking-company.com\/pl\/wp-json\/wp\/v2\/product_tag?post=827"}],"curies":[{"name":"wp","href":"https:\/\/api.w.org\/{rel}","templated":true}]}}