{"id":684,"date":"2025-09-18T14:04:26","date_gmt":"2025-09-18T14:04:26","guid":{"rendered":"https:\/\/www.baking-company.com\/product\/forest-fruit-and-cream-duet\/"},"modified":"2025-09-25T17:47:49","modified_gmt":"2025-09-25T17:47:49","slug":"forest-fruit-and-cream-duet","status":"publish","type":"product","link":"https:\/\/www.baking-company.com\/pl\/produkt\/forest-fruit-and-cream-duet\/","title":{"rendered":"Duet le\u015bnych owoc\u00f3w z kremem"},"content":{"rendered":"<p>Delikatne ciasto francuskie wype\u0142nione aksamitnym kremem waniliowym, udekorowane kolorow\u0105 mieszank\u0105 owoc\u00f3w le\u015bnych. Lekkie, kruche i idealnie zr\u00f3wnowa\u017cone mi\u0119dzy s\u0142odkim a kwaskowatym smakiem. Prawdziwa przyjemno\u015b\u0107 w ka\u017cdym k\u0119sie.<\/p>","protected":false},"excerpt":{"rendered":"<p>Delicate pastry with cream and forest fruits.<\/p>","protected":false},"featured_media":694,"comment_status":"open","ping_status":"closed","template":"","meta":{"_acf_changed":false,"neve_meta_sidebar":"","neve_meta_container":"","neve_meta_enable_content_width":"off","neve_meta_content_width":100,"neve_meta_title_alignment":"","neve_meta_author_avatar":"","neve_post_elements_order":"","neve_meta_disable_header":"","neve_meta_disable_footer":"","neve_meta_disable_title":""},"product_brand":[],"product_cat":[20],"product_tag":[],"class_list":{"0":"post-684","1":"product","2":"type-product","3":"status-publish","4":"has-post-thumbnail","6":"product_cat-sweets","8":"first","9":"instock","10":"shipping-taxable","11":"product-type-simple"},"acf":[],"_links":{"self":[{"href":"https:\/\/www.baking-company.com\/pl\/wp-json\/wp\/v2\/product\/684","targetHints":{"allow":["GET"]}}],"collection":[{"href":"https:\/\/www.baking-company.com\/pl\/wp-json\/wp\/v2\/product"}],"about":[{"href":"https:\/\/www.baking-company.com\/pl\/wp-json\/wp\/v2\/types\/product"}],"replies":[{"embeddable":true,"href":"https:\/\/www.baking-company.com\/pl\/wp-json\/wp\/v2\/comments?post=684"}],"wp:featuredmedia":[{"embeddable":true,"href":"https:\/\/www.baking-company.com\/pl\/wp-json\/wp\/v2\/media\/694"}],"wp:attachment":[{"href":"https:\/\/www.baking-company.com\/pl\/wp-json\/wp\/v2\/media?parent=684"}],"wp:term":[{"taxonomy":"product_brand","embeddable":true,"href":"https:\/\/www.baking-company.com\/pl\/wp-json\/wp\/v2\/product_brand?post=684"},{"taxonomy":"product_cat","embeddable":true,"href":"https:\/\/www.baking-company.com\/pl\/wp-json\/wp\/v2\/product_cat?post=684"},{"taxonomy":"product_tag","embeddable":true,"href":"https:\/\/www.baking-company.com\/pl\/wp-json\/wp\/v2\/product_tag?post=684"}],"curies":[{"name":"wp","href":"https:\/\/api.w.org\/{rel}","templated":true}]}}