{"id":681,"date":"2025-09-18T14:04:26","date_gmt":"2025-09-18T14:04:26","guid":{"rendered":"https:\/\/www.baking-company.com\/product\/fintes-ciabatta\/"},"modified":"2025-09-25T17:47:49","modified_gmt":"2025-09-25T17:47:49","slug":"fintes-ciabatta","status":"publish","type":"product","link":"https:\/\/www.baking-company.com\/pl\/produkt\/fintes-ciabatta\/","title":{"rendered":"Ciabatta Fintes\u00ae"},"content":{"rendered":"<p>Lekka, a zarazem syc\u0105ca ciabatta przygotowana na zakwasie pszennym, wzbogacona p\u0142atkami owsianymi, nasionami s\u0142onecznika, soi, siemieniem lnianym i sezamem, dla po\u017cywnej dawki sk\u0142adnik\u00f3w od\u017cywczych i chrupi\u0105cej konsystencji. Cz\u0119\u015b\u0107 naszej linii Fintes\u00ae \u2013 wykonana z m\u0105ki pe\u0142noziarnistej, stanowi wysokiej jako\u015bci wyb\u00f3r dla os\u00f3b dbaj\u0105cych o zdrowie.<\/p>","protected":false},"excerpt":{"rendered":"<p>Light ciabatta with seeds and wholemeal flour.<\/p>","protected":false},"featured_media":691,"comment_status":"open","ping_status":"closed","template":"","meta":{"_acf_changed":false,"neve_meta_sidebar":"","neve_meta_container":"","neve_meta_enable_content_width":"off","neve_meta_content_width":100,"neve_meta_title_alignment":"","neve_meta_author_avatar":"","neve_post_elements_order":"","neve_meta_disable_header":"","neve_meta_disable_footer":"","neve_meta_disable_title":""},"product_brand":[],"product_cat":[21,18],"product_tag":[],"class_list":{"0":"post-681","1":"product","2":"type-product","3":"status-publish","4":"has-post-thumbnail","6":"product_cat-fintes","7":"product_cat-rolls","9":"first","10":"instock","11":"shipping-taxable","12":"product-type-simple"},"acf":[],"_links":{"self":[{"href":"https:\/\/www.baking-company.com\/pl\/wp-json\/wp\/v2\/product\/681","targetHints":{"allow":["GET"]}}],"collection":[{"href":"https:\/\/www.baking-company.com\/pl\/wp-json\/wp\/v2\/product"}],"about":[{"href":"https:\/\/www.baking-company.com\/pl\/wp-json\/wp\/v2\/types\/product"}],"replies":[{"embeddable":true,"href":"https:\/\/www.baking-company.com\/pl\/wp-json\/wp\/v2\/comments?post=681"}],"wp:featuredmedia":[{"embeddable":true,"href":"https:\/\/www.baking-company.com\/pl\/wp-json\/wp\/v2\/media\/691"}],"wp:attachment":[{"href":"https:\/\/www.baking-company.com\/pl\/wp-json\/wp\/v2\/media?parent=681"}],"wp:term":[{"taxonomy":"product_brand","embeddable":true,"href":"https:\/\/www.baking-company.com\/pl\/wp-json\/wp\/v2\/product_brand?post=681"},{"taxonomy":"product_cat","embeddable":true,"href":"https:\/\/www.baking-company.com\/pl\/wp-json\/wp\/v2\/product_cat?post=681"},{"taxonomy":"product_tag","embeddable":true,"href":"https:\/\/www.baking-company.com\/pl\/wp-json\/wp\/v2\/product_tag?post=681"}],"curies":[{"name":"wp","href":"https:\/\/api.w.org\/{rel}","templated":true}]}}