{"id":678,"date":"2025-09-18T14:04:26","date_gmt":"2025-09-18T14:04:26","guid":{"rendered":"https:\/\/www.baking-company.com\/product\/spelt-roll-with-potato-flakes\/"},"modified":"2025-09-25T17:47:48","modified_gmt":"2025-09-25T17:47:48","slug":"spelt-roll-with-potato-flakes","status":"publish","type":"product","link":"https:\/\/www.baking-company.com\/pl\/produkt\/spelt-roll-with-potato-flakes\/","title":{"rendered":"Bu\u0142ka orkiszowa z p\u0142atkami ziemniaczanymi"},"content":{"rendered":"<p>Po\u017cywna, zwarta bu\u0142ka przygotowana z m\u0105ki orkiszowej i p\u0142atk\u00f3w ziemniaczanych, wypieczona w piecu kamiennym, z chrupi\u0105c\u0105 sk\u00f3rk\u0105 i syc\u0105cym wn\u0119trzem. Posypana nasionami s\u0142onecznika, maku i sezamu dla dodatkowego smaku i chrupko\u015bci.<\/p>","protected":false},"excerpt":{"rendered":"<p>Spelt and potato roll with seed topping.<\/p>","protected":false},"featured_media":687,"comment_status":"open","ping_status":"closed","template":"","meta":{"_acf_changed":false,"neve_meta_sidebar":"","neve_meta_container":"","neve_meta_enable_content_width":"off","neve_meta_content_width":100,"neve_meta_title_alignment":"","neve_meta_author_avatar":"","neve_post_elements_order":"","neve_meta_disable_header":"","neve_meta_disable_footer":"","neve_meta_disable_title":""},"product_brand":[],"product_cat":[18],"product_tag":[],"class_list":{"0":"post-678","1":"product","2":"type-product","3":"status-publish","4":"has-post-thumbnail","6":"product_cat-rolls","8":"first","9":"instock","10":"shipping-taxable","11":"product-type-simple"},"acf":[],"_links":{"self":[{"href":"https:\/\/www.baking-company.com\/pl\/wp-json\/wp\/v2\/product\/678","targetHints":{"allow":["GET"]}}],"collection":[{"href":"https:\/\/www.baking-company.com\/pl\/wp-json\/wp\/v2\/product"}],"about":[{"href":"https:\/\/www.baking-company.com\/pl\/wp-json\/wp\/v2\/types\/product"}],"replies":[{"embeddable":true,"href":"https:\/\/www.baking-company.com\/pl\/wp-json\/wp\/v2\/comments?post=678"}],"wp:featuredmedia":[{"embeddable":true,"href":"https:\/\/www.baking-company.com\/pl\/wp-json\/wp\/v2\/media\/687"}],"wp:attachment":[{"href":"https:\/\/www.baking-company.com\/pl\/wp-json\/wp\/v2\/media?parent=678"}],"wp:term":[{"taxonomy":"product_brand","embeddable":true,"href":"https:\/\/www.baking-company.com\/pl\/wp-json\/wp\/v2\/product_brand?post=678"},{"taxonomy":"product_cat","embeddable":true,"href":"https:\/\/www.baking-company.com\/pl\/wp-json\/wp\/v2\/product_cat?post=678"},{"taxonomy":"product_tag","embeddable":true,"href":"https:\/\/www.baking-company.com\/pl\/wp-json\/wp\/v2\/product_tag?post=678"}],"curies":[{"name":"wp","href":"https:\/\/api.w.org\/{rel}","templated":true}]}}