{"id":673,"date":"2025-09-18T14:04:26","date_gmt":"2025-09-18T14:04:26","guid":{"rendered":"https:\/\/www.baking-company.com\/product\/crustico-dark-roll\/"},"modified":"2025-09-25T17:47:48","modified_gmt":"2025-09-25T17:47:48","slug":"crustico-dark-roll","status":"publish","type":"product","link":"https:\/\/www.baking-company.com\/pl\/produkt\/crustico-dark-roll\/","title":{"rendered":"Bu\u0142ka Crustico ciemna"},"content":{"rendered":"<p>Bogato wypieczona bu\u0142ka o ciemnej sk\u00f3rce, przygotowana na zakwasie pszennym i wzbogacona p\u0142atkami ziemniaczanymi dla wi\u0119kszej wilgotno\u015bci i g\u0142\u0119bi smaku. Wypieczona w piecu kamiennym, z syc\u0105c\u0105, chrupi\u0105c\u0105 sk\u00f3rk\u0105 i mi\u0119kkim, puszystym wn\u0119trzem. Idealna jako dodatek lub do rzemie\u015blniczych kanapek.<\/p>","protected":false},"excerpt":{"rendered":"<p>Dark wheat roll with potato flakes, hearty.<\/p>","protected":false},"featured_media":685,"comment_status":"open","ping_status":"closed","template":"","meta":{"_acf_changed":false,"neve_meta_sidebar":"","neve_meta_container":"","neve_meta_enable_content_width":"off","neve_meta_content_width":100,"neve_meta_title_alignment":"","neve_meta_author_avatar":"","neve_post_elements_order":"","neve_meta_disable_header":"","neve_meta_disable_footer":"","neve_meta_disable_title":""},"product_brand":[],"product_cat":[18],"product_tag":[],"class_list":{"0":"post-673","1":"product","2":"type-product","3":"status-publish","4":"has-post-thumbnail","6":"product_cat-rolls","8":"first","9":"instock","10":"shipping-taxable","11":"product-type-simple"},"acf":[],"_links":{"self":[{"href":"https:\/\/www.baking-company.com\/pl\/wp-json\/wp\/v2\/product\/673","targetHints":{"allow":["GET"]}}],"collection":[{"href":"https:\/\/www.baking-company.com\/pl\/wp-json\/wp\/v2\/product"}],"about":[{"href":"https:\/\/www.baking-company.com\/pl\/wp-json\/wp\/v2\/types\/product"}],"replies":[{"embeddable":true,"href":"https:\/\/www.baking-company.com\/pl\/wp-json\/wp\/v2\/comments?post=673"}],"wp:featuredmedia":[{"embeddable":true,"href":"https:\/\/www.baking-company.com\/pl\/wp-json\/wp\/v2\/media\/685"}],"wp:attachment":[{"href":"https:\/\/www.baking-company.com\/pl\/wp-json\/wp\/v2\/media?parent=673"}],"wp:term":[{"taxonomy":"product_brand","embeddable":true,"href":"https:\/\/www.baking-company.com\/pl\/wp-json\/wp\/v2\/product_brand?post=673"},{"taxonomy":"product_cat","embeddable":true,"href":"https:\/\/www.baking-company.com\/pl\/wp-json\/wp\/v2\/product_cat?post=673"},{"taxonomy":"product_tag","embeddable":true,"href":"https:\/\/www.baking-company.com\/pl\/wp-json\/wp\/v2\/product_tag?post=673"}],"curies":[{"name":"wp","href":"https:\/\/api.w.org\/{rel}","templated":true}]}}