{"id":669,"date":"2025-09-18T14:04:25","date_gmt":"2025-09-18T14:04:25","guid":{"rendered":"https:\/\/www.baking-company.com\/product\/daisy-roll-with-grains\/"},"modified":"2025-09-25T17:47:48","modified_gmt":"2025-09-25T17:47:48","slug":"daisy-roll-with-grains","status":"publish","type":"product","link":"https:\/\/www.baking-company.com\/pl\/produkt\/daisy-roll-with-grains\/","title":{"rendered":"Bu\u0142ka Daisy z ziarnami"},"content":{"rendered":"<p>Mi\u0119kka, dzielona bu\u0142ka o unikalnym kszta\u0142cie stokrotki, przygotowana na zakwasie pszennym i posypana po\u017cywn\u0105 mieszank\u0105 sezamu, p\u0142atk\u00f3w owsianych, maku i siemienia lnianego. Idealna do dzielenia i wsp\u00f3lnego spo\u017cywania przy ka\u017cdym posi\u0142ku.<\/p>","protected":false},"excerpt":{"rendered":"<p>Daisy-shaped wheat roll with seed topping.<\/p>","protected":false},"featured_media":721,"comment_status":"open","ping_status":"closed","template":"","meta":{"_acf_changed":false,"neve_meta_sidebar":"","neve_meta_container":"","neve_meta_enable_content_width":"off","neve_meta_content_width":100,"neve_meta_title_alignment":"","neve_meta_author_avatar":"","neve_post_elements_order":"","neve_meta_disable_header":"","neve_meta_disable_footer":"","neve_meta_disable_title":""},"product_brand":[],"product_cat":[18],"product_tag":[],"class_list":{"0":"post-669","1":"product","2":"type-product","3":"status-publish","4":"has-post-thumbnail","6":"product_cat-rolls","8":"first","9":"instock","10":"shipping-taxable","11":"product-type-simple"},"acf":[],"_links":{"self":[{"href":"https:\/\/www.baking-company.com\/pl\/wp-json\/wp\/v2\/product\/669","targetHints":{"allow":["GET"]}}],"collection":[{"href":"https:\/\/www.baking-company.com\/pl\/wp-json\/wp\/v2\/product"}],"about":[{"href":"https:\/\/www.baking-company.com\/pl\/wp-json\/wp\/v2\/types\/product"}],"replies":[{"embeddable":true,"href":"https:\/\/www.baking-company.com\/pl\/wp-json\/wp\/v2\/comments?post=669"}],"wp:featuredmedia":[{"embeddable":true,"href":"https:\/\/www.baking-company.com\/pl\/wp-json\/wp\/v2\/media\/721"}],"wp:attachment":[{"href":"https:\/\/www.baking-company.com\/pl\/wp-json\/wp\/v2\/media?parent=669"}],"wp:term":[{"taxonomy":"product_brand","embeddable":true,"href":"https:\/\/www.baking-company.com\/pl\/wp-json\/wp\/v2\/product_brand?post=669"},{"taxonomy":"product_cat","embeddable":true,"href":"https:\/\/www.baking-company.com\/pl\/wp-json\/wp\/v2\/product_cat?post=669"},{"taxonomy":"product_tag","embeddable":true,"href":"https:\/\/www.baking-company.com\/pl\/wp-json\/wp\/v2\/product_tag?post=669"}],"curies":[{"name":"wp","href":"https:\/\/api.w.org\/{rel}","templated":true}]}}