{"id":667,"date":"2025-09-18T14:04:25","date_gmt":"2025-09-18T14:04:25","guid":{"rendered":"https:\/\/www.baking-company.com\/product\/highlander-bread\/"},"modified":"2026-03-26T10:53:10","modified_gmt":"2026-03-26T10:53:10","slug":"highlander-bread","status":"publish","type":"product","link":"https:\/\/www.baking-company.com\/pl\/produkt\/highlander-bread\/","title":{"rendered":"Chleb G\u00f3ralski"},"content":{"rendered":"<p>R\u0119cznie formowany, rustykalny bochenek na zakwasie pszennym, wypieczony w piecu kamiennym, o g\u0142\u0119bokim, syc\u0105cym smaku i chrupi\u0105cej, z\u0142ocistej sk\u00f3rce. Idealny do tradycyjnych posi\u0142k\u00f3w lub rzemie\u015blniczych kanapek.<\/p>","protected":false},"excerpt":{"rendered":"<p>Stone-baked wheat sourdough, deep flavor.<\/p>","protected":false},"featured_media":714,"comment_status":"open","ping_status":"closed","template":"","meta":{"_acf_changed":false,"neve_meta_sidebar":"","neve_meta_container":"","neve_meta_enable_content_width":"off","neve_meta_content_width":100,"neve_meta_title_alignment":"","neve_meta_author_avatar":"","neve_post_elements_order":"","neve_meta_disable_header":"","neve_meta_disable_footer":"","neve_meta_disable_title":""},"product_brand":[],"product_cat":[17],"product_tag":[],"class_list":{"0":"post-667","1":"product","2":"type-product","3":"status-publish","4":"has-post-thumbnail","6":"product_cat-breads","8":"first","9":"instock","10":"shipping-taxable","11":"product-type-simple"},"acf":[],"_links":{"self":[{"href":"https:\/\/www.baking-company.com\/pl\/wp-json\/wp\/v2\/product\/667","targetHints":{"allow":["GET"]}}],"collection":[{"href":"https:\/\/www.baking-company.com\/pl\/wp-json\/wp\/v2\/product"}],"about":[{"href":"https:\/\/www.baking-company.com\/pl\/wp-json\/wp\/v2\/types\/product"}],"replies":[{"embeddable":true,"href":"https:\/\/www.baking-company.com\/pl\/wp-json\/wp\/v2\/comments?post=667"}],"wp:featuredmedia":[{"embeddable":true,"href":"https:\/\/www.baking-company.com\/pl\/wp-json\/wp\/v2\/media\/714"}],"wp:attachment":[{"href":"https:\/\/www.baking-company.com\/pl\/wp-json\/wp\/v2\/media?parent=667"}],"wp:term":[{"taxonomy":"product_brand","embeddable":true,"href":"https:\/\/www.baking-company.com\/pl\/wp-json\/wp\/v2\/product_brand?post=667"},{"taxonomy":"product_cat","embeddable":true,"href":"https:\/\/www.baking-company.com\/pl\/wp-json\/wp\/v2\/product_cat?post=667"},{"taxonomy":"product_tag","embeddable":true,"href":"https:\/\/www.baking-company.com\/pl\/wp-json\/wp\/v2\/product_tag?post=667"}],"curies":[{"name":"wp","href":"https:\/\/api.w.org\/{rel}","templated":true}]}}