{"id":662,"date":"2025-09-18T14:04:25","date_gmt":"2025-09-18T14:04:25","guid":{"rendered":"https:\/\/www.baking-company.com\/product\/wheat-stone-bread\/"},"modified":"2025-09-25T17:47:48","modified_gmt":"2025-09-25T17:47:48","slug":"wheat-stone-bread","status":"publish","type":"product","link":"https:\/\/www.baking-company.com\/pl\/produkt\/wheat-stone-bread\/","title":{"rendered":"Chleb pszenny kamienny"},"content":{"rendered":"<p>Klasyczny bochenek przygotowany na zakwasie pszennym i wypieczony w piecu kamiennym, o bogatym, pe\u0142nym smaku oraz chrupi\u0105cej, z\u0142ocistej sk\u00f3rce. Prosty, po\u017cywny i rzemie\u015blniczo wykonany.<\/p>","protected":false},"excerpt":{"rendered":"<p>Classic stone-baked wheat loaf, crisp crust.<\/p>","protected":false},"featured_media":699,"comment_status":"open","ping_status":"closed","template":"","meta":{"_acf_changed":false,"neve_meta_sidebar":"","neve_meta_container":"","neve_meta_enable_content_width":"off","neve_meta_content_width":100,"neve_meta_title_alignment":"","neve_meta_author_avatar":"","neve_post_elements_order":"","neve_meta_disable_header":"","neve_meta_disable_footer":"","neve_meta_disable_title":""},"product_brand":[],"product_cat":[17],"product_tag":[],"class_list":{"0":"post-662","1":"product","2":"type-product","3":"status-publish","4":"has-post-thumbnail","6":"product_cat-breads","8":"first","9":"instock","10":"shipping-taxable","11":"product-type-simple"},"acf":[],"_links":{"self":[{"href":"https:\/\/www.baking-company.com\/pl\/wp-json\/wp\/v2\/product\/662","targetHints":{"allow":["GET"]}}],"collection":[{"href":"https:\/\/www.baking-company.com\/pl\/wp-json\/wp\/v2\/product"}],"about":[{"href":"https:\/\/www.baking-company.com\/pl\/wp-json\/wp\/v2\/types\/product"}],"replies":[{"embeddable":true,"href":"https:\/\/www.baking-company.com\/pl\/wp-json\/wp\/v2\/comments?post=662"}],"wp:featuredmedia":[{"embeddable":true,"href":"https:\/\/www.baking-company.com\/pl\/wp-json\/wp\/v2\/media\/699"}],"wp:attachment":[{"href":"https:\/\/www.baking-company.com\/pl\/wp-json\/wp\/v2\/media?parent=662"}],"wp:term":[{"taxonomy":"product_brand","embeddable":true,"href":"https:\/\/www.baking-company.com\/pl\/wp-json\/wp\/v2\/product_brand?post=662"},{"taxonomy":"product_cat","embeddable":true,"href":"https:\/\/www.baking-company.com\/pl\/wp-json\/wp\/v2\/product_cat?post=662"},{"taxonomy":"product_tag","embeddable":true,"href":"https:\/\/www.baking-company.com\/pl\/wp-json\/wp\/v2\/product_tag?post=662"}],"curies":[{"name":"wp","href":"https:\/\/api.w.org\/{rel}","templated":true}]}}