{"id":657,"date":"2025-09-18T14:04:25","date_gmt":"2025-09-18T14:04:25","guid":{"rendered":"https:\/\/www.baking-company.com\/product\/pumpkin-seed-bread\/"},"modified":"2025-09-25T17:53:33","modified_gmt":"2025-09-25T17:53:33","slug":"pumpkin-seed-bread","status":"publish","type":"product","link":"https:\/\/www.baking-company.com\/pl\/produkt\/pumpkin-seed-bread\/","title":{"rendered":"Chleb dyniowy"},"content":{"rendered":"<p>Syc\u0105cy chleb \u017cytni przygotowany na naturalnym zakwasie \u017cytnim, wypieczony w formie prostok\u0105tnej i posypany chrupi\u0105cymi nasionami s\u0142onecznika. Bogaty w smak, o rustykalnej teksturze i po\u017cywnym charakterze.<\/p>","protected":false},"excerpt":{"rendered":"<p>Rectangular rye loaf with sunflower topping.<\/p>","protected":false},"featured_media":829,"comment_status":"open","ping_status":"closed","template":"","meta":{"_acf_changed":false,"neve_meta_sidebar":"","neve_meta_container":"","neve_meta_enable_content_width":"off","neve_meta_content_width":100,"neve_meta_title_alignment":"","neve_meta_author_avatar":"","neve_post_elements_order":"","neve_meta_disable_header":"","neve_meta_disable_footer":"","neve_meta_disable_title":""},"product_brand":[],"product_cat":[17],"product_tag":[],"class_list":{"0":"post-657","1":"product","2":"type-product","3":"status-publish","4":"has-post-thumbnail","6":"product_cat-breads","8":"first","9":"instock","10":"shipping-taxable","11":"product-type-simple"},"acf":[],"_links":{"self":[{"href":"https:\/\/www.baking-company.com\/pl\/wp-json\/wp\/v2\/product\/657","targetHints":{"allow":["GET"]}}],"collection":[{"href":"https:\/\/www.baking-company.com\/pl\/wp-json\/wp\/v2\/product"}],"about":[{"href":"https:\/\/www.baking-company.com\/pl\/wp-json\/wp\/v2\/types\/product"}],"replies":[{"embeddable":true,"href":"https:\/\/www.baking-company.com\/pl\/wp-json\/wp\/v2\/comments?post=657"}],"wp:featuredmedia":[{"embeddable":true,"href":"https:\/\/www.baking-company.com\/pl\/wp-json\/wp\/v2\/media\/829"}],"wp:attachment":[{"href":"https:\/\/www.baking-company.com\/pl\/wp-json\/wp\/v2\/media?parent=657"}],"wp:term":[{"taxonomy":"product_brand","embeddable":true,"href":"https:\/\/www.baking-company.com\/pl\/wp-json\/wp\/v2\/product_brand?post=657"},{"taxonomy":"product_cat","embeddable":true,"href":"https:\/\/www.baking-company.com\/pl\/wp-json\/wp\/v2\/product_cat?post=657"},{"taxonomy":"product_tag","embeddable":true,"href":"https:\/\/www.baking-company.com\/pl\/wp-json\/wp\/v2\/product_tag?post=657"}],"curies":[{"name":"wp","href":"https:\/\/api.w.org\/{rel}","templated":true}]}}