{"id":652,"date":"2025-09-18T14:04:25","date_gmt":"2025-09-18T14:04:25","guid":{"rendered":"https:\/\/www.baking-company.com\/product\/sunflower-bread\/"},"modified":"2025-09-25T17:47:48","modified_gmt":"2025-09-25T17:47:48","slug":"sunflower-bread","status":"publish","type":"product","link":"https:\/\/www.baking-company.com\/pl\/produkt\/sunflower-bread\/","title":{"rendered":"Chleb s\u0142onecznikowy"},"content":{"rendered":"<p>Po\u017cywny bochenek przygotowany na zakwasie \u017cytnim, pe\u0142en chrupi\u0105cych nasion s\u0142onecznika, o orzechowym smaku i syc\u0105cej teksturze, idealny na ka\u017cdy posi\u0142ek.<\/p>","protected":false},"excerpt":{"rendered":"<p>Nutty rye loaf with crunchy sunflower seeds.<\/p>","protected":false},"featured_media":716,"comment_status":"open","ping_status":"closed","template":"","meta":{"_acf_changed":false,"neve_meta_sidebar":"","neve_meta_container":"","neve_meta_enable_content_width":"off","neve_meta_content_width":100,"neve_meta_title_alignment":"","neve_meta_author_avatar":"","neve_post_elements_order":"","neve_meta_disable_header":"","neve_meta_disable_footer":"","neve_meta_disable_title":""},"product_brand":[],"product_cat":[17],"product_tag":[],"class_list":{"0":"post-652","1":"product","2":"type-product","3":"status-publish","4":"has-post-thumbnail","6":"product_cat-breads","8":"first","9":"instock","10":"shipping-taxable","11":"product-type-simple"},"acf":[],"_links":{"self":[{"href":"https:\/\/www.baking-company.com\/pl\/wp-json\/wp\/v2\/product\/652","targetHints":{"allow":["GET"]}}],"collection":[{"href":"https:\/\/www.baking-company.com\/pl\/wp-json\/wp\/v2\/product"}],"about":[{"href":"https:\/\/www.baking-company.com\/pl\/wp-json\/wp\/v2\/types\/product"}],"replies":[{"embeddable":true,"href":"https:\/\/www.baking-company.com\/pl\/wp-json\/wp\/v2\/comments?post=652"}],"wp:featuredmedia":[{"embeddable":true,"href":"https:\/\/www.baking-company.com\/pl\/wp-json\/wp\/v2\/media\/716"}],"wp:attachment":[{"href":"https:\/\/www.baking-company.com\/pl\/wp-json\/wp\/v2\/media?parent=652"}],"wp:term":[{"taxonomy":"product_brand","embeddable":true,"href":"https:\/\/www.baking-company.com\/pl\/wp-json\/wp\/v2\/product_brand?post=652"},{"taxonomy":"product_cat","embeddable":true,"href":"https:\/\/www.baking-company.com\/pl\/wp-json\/wp\/v2\/product_cat?post=652"},{"taxonomy":"product_tag","embeddable":true,"href":"https:\/\/www.baking-company.com\/pl\/wp-json\/wp\/v2\/product_tag?post=652"}],"curies":[{"name":"wp","href":"https:\/\/api.w.org\/{rel}","templated":true}]}}